{"id":3804,"date":"2026-01-27T11:37:38","date_gmt":"2026-01-27T10:37:38","guid":{"rendered":"https:\/\/greenwayvan.net\/accesibilidade\/"},"modified":"2026-01-27T11:48:37","modified_gmt":"2026-01-27T10:48:37","slug":"accesibilidade","status":"publish","type":"page","link":"https:\/\/greenwayvan.net\/pt-pt\/accesibilidade\/","title":{"rendered":"Accesibilidade"},"content":{"rendered":"\t\t<div data-elementor-type=\"wp-page\" data-elementor-id=\"3804\" class=\"elementor elementor-3804 elementor-3799\">\n\t\t\t\t\t\t\t\t\t<section class=\"elementor-section elementor-top-section elementor-element elementor-element-e302581 elementor-section-boxed elementor-section-height-default elementor-section-height-default\" data-id=\"e302581\" data-element_type=\"section\">\n\t\t\t\t\t\t<div class=\"elementor-container elementor-column-gap-default\">\n\t\t\t\t\t<div class=\"elementor-column elementor-col-100 elementor-top-column elementor-element elementor-element-36dd34e1\" data-id=\"36dd34e1\" data-element_type=\"column\">\n\t\t\t<div class=\"elementor-widget-wrap elementor-element-populated\">\n\t\t\t\t\t\t\t\t<div class=\"elementor-element elementor-element-4fdf8371 elementor-widget elementor-widget-text-editor\" data-id=\"4fdf8371\" data-element_type=\"widget\" data-widget_type=\"text-editor.default\">\n\t\t\t\t<div class=\"elementor-widget-container\">\n\t\t\t<style>\/*! elementor - v3.12.1 - 02-04-2023 *\/\n.elementor-widget-text-editor.elementor-drop-cap-view-stacked .elementor-drop-cap{background-color:#69727d;color:#fff}.elementor-widget-text-editor.elementor-drop-cap-view-framed .elementor-drop-cap{color:#69727d;border:3px solid;background-color:transparent}.elementor-widget-text-editor:not(.elementor-drop-cap-view-default) .elementor-drop-cap{margin-top:8px}.elementor-widget-text-editor:not(.elementor-drop-cap-view-default) .elementor-drop-cap-letter{width:1em;height:1em}.elementor-widget-text-editor .elementor-drop-cap{float:left;text-align:center;line-height:1;font-size:50px}.elementor-widget-text-editor .elementor-drop-cap-letter{display:inline-block}<\/style>\t\t\t\t<h2>Declara\u00e7\u00e3o de Acessibilidade<\/h2>\n\n<h3>Conformidade<\/h3>\n<p>\nA Green Way Van comprometeu-se a tornar o seu site acess\u00edvel, em conformidade com o Real Decreto 1112\/2018, de 7 de setembro, sobre a acessibilidade dos sites e aplica\u00e7\u00f5es m\u00f3veis do setor p\u00fablico.\n<\/p>\n<p>\nA presente declara\u00e7\u00e3o de acessibilidade aplica-se ao site <strong>https:\/\/greenwayvan.net.<\/strong>\n<\/p>\n\n<h3>Situa\u00e7\u00e3o de conformidade com a acessibilidade<\/h3>\n<p>\nEste site \u00e9 parcialmente conforme com o Real Decreto 1112\/2018, devido \u00e0s exce\u00e7\u00f5es e \u00e0 falta de conformidade dos aspetos indicados a seguir.\n<\/p>\n\n<h3>Conte\u00fado n\u00e3o acess\u00edvel<\/h3>\n<p>\nO conte\u00fado que se apresenta a seguir n\u00e3o \u00e9 acess\u00edvel pelos seguintes motivos:\n<\/p>\n<p><strong>Falta de conformidade com o RD 1112\/2018<\/strong><\/p>\n<ul>\n    <li>Podem existir erros pontuais de c\u00f3digo ou de edi\u00e7\u00e3o em algumas p\u00e1ginas do site que afetem determinados crit\u00e9rios de acessibilidade.<\/li>\n<\/ul>\n\n<h3>Prepara\u00e7\u00e3o da presente declara\u00e7\u00e3o de acessibilidade<\/h3>\n<p>\nA presente declara\u00e7\u00e3o foi preparada em 27 de janeiro de 2026.\n<\/p>\n<p>\nO m\u00e9todo utilizado para preparar a declara\u00e7\u00e3o foi uma autoavalia\u00e7\u00e3o realizada pela pr\u00f3pria entidade titular do site.\n<\/p>\n\n<h3>Observa\u00e7\u00f5es e dados de contato<\/h3>\n<p>\nPode enviar comunica\u00e7\u00f5es sobre os requisitos de acessibilidade (artigo 10.2.a do RD 1112\/2018), tais como:\n<\/p>\n<ul>\n    <li>Informar sobre qualquer poss\u00edvel incumprimento dos requisitos de acessibilidade por parte deste site.<\/li>\n    <li>Transmitir outras dificuldades de acesso ao conte\u00fado.<\/li>\n    <li>Submeter qualquer outra consulta ou sugest\u00e3o de melhoria relativa \u00e0 acessibilidade do site.<\/li>\n<\/ul>\n<p>\nAs comunica\u00e7\u00f5es poder\u00e3o ser realizadas atrav\u00e9s de:\n<\/p>\n<ul>\n    <li>E-mail: <a href=\"mailto:info@greenwayvan.net\">info@greenwayvan.net<\/a><\/li>\n    <li>Formul\u00e1rio de contato dispon\u00edvel no site.<\/li>\n<\/ul>\n\n<h3>Procedimento de aplica\u00e7\u00e3o<\/h3>\n<p>\nPode apresentar:\n<\/p>\n<ul>\n    <li>Uma reclama\u00e7\u00e3o relativa ao cumprimento dos requisitos do RD 1112\/2018.<\/li>\n    <li>Um pedido de informa\u00e7\u00e3o acess\u00edvel relativo a:\n        <ul>\n            <li>Conte\u00fados exclu\u00eddos do \u00e2mbito de aplica\u00e7\u00e3o do RD 1112\/2018, conforme o artigo 3, ponto 4.<\/li>\n            <li>Conte\u00fados isentos do cumprimento dos requisitos de acessibilidade por implicarem um encargo desproporcionado.<\/li>\n        <\/ul>\n    <\/li>\n<\/ul>\n<p>\nNo pedido de informa\u00e7\u00e3o acess\u00edvel dever\u00e1 ser especificado, com toda clareza, os factos, raz\u00f5es e pedido que permitam constatar que se trata de um pedido razo\u00e1vel e leg\u00edtimo.\n<\/p>\n\n<h3>Conte\u00fado opcional<\/h3>\n<p>\nEste site foi projetado para permitir a altera\u00e7\u00e3o do tamanho do texto e da cor, bem como do fundo da p\u00e1gina, atrav\u00e9s das op\u00e7\u00f5es de configura\u00e7\u00e3o padr\u00e3o dos navegadores.\n<\/p>\n<p>\nPara alterar o tamanho do texto nos principais navegadores:\n<\/p>\n<ul>\n    <li>Internet Explorer, Mozilla Firefox: Ver &gt;Tamanho do texto<\/li>\n    <li>Opera: Ver &gt;Zoom<\/li>\n    <li>Safari: Ver &gt; Aumentar o tamanho do texto<\/li>\n    <li>Chrome: Controlar a p\u00e1gina atual &gt; Tamanho do texto<\/li>\n<\/ul>\n<p>\nPara modificar o tamanho de todo o conte\u00fado da p\u00e1gina:\n<\/p>\n<ul>\n    <li>Ctrl + + para aument\u00e1-lo<\/li>\n    <li>Ctrl + \u2013 para diminu\u00ed-lo<\/li>\n    <li>Ctrl + 0 para restaurar o tamanho original<\/li>\n<\/ul>\n<p>\nSe desejar anular a folha de estilos ou modificar a cor do texto, pode consultar as recomenda\u00e7\u00f5es da Web Accessibility Initiative (WAI) sobre como alterar o tamanho do texto ou as cores atrav\u00e9s do navegador.\n<\/p>\n\t\t\t\t\t\t<\/div>\n\t\t\t\t<\/div>\n\t\t\t\t\t<\/div>\n\t\t<\/div>\n\t\t\t\t\t\t\t<\/div>\n\t\t<\/section>\n\t\t\t\t\t\t\t<\/div>\n\t\t","protected":false},"excerpt":{"rendered":"<p>Declara\u00e7\u00e3o de Acessibilidade Conformidade A Green Way Van comprometeu-se a tornar o seu site acess\u00edvel,&hellip;<\/p>\n","protected":false},"author":1,"featured_media":0,"parent":0,"menu_order":0,"comment_status":"closed","ping_status":"closed","template":"","meta":[],"yoast_head":"<!-- This site is optimized with the Yoast SEO plugin v20.5 - https:\/\/yoast.com\/wordpress\/plugins\/seo\/ -->\n<title>Accesibilidade - Green Way Van<\/title>\n<meta name=\"robots\" content=\"index, follow, max-snippet:-1, max-image-preview:large, max-video-preview:-1\" \/>\n<link rel=\"canonical\" href=\"https:\/\/greenwayvan.net\/pt-pt\/accesibilidade\/\" \/>\n<meta property=\"og:locale\" content=\"pt_PT\" \/>\n<meta property=\"og:type\" content=\"article\" \/>\n<meta property=\"og:title\" content=\"Accesibilidade - Green Way Van\" \/>\n<meta property=\"og:description\" content=\"Declara\u00e7\u00e3o de Acessibilidade Conformidade A Green Way Van comprometeu-se a tornar o seu site acess\u00edvel,&hellip;\" \/>\n<meta property=\"og:url\" content=\"https:\/\/greenwayvan.net\/pt-pt\/accesibilidade\/\" \/>\n<meta property=\"og:site_name\" content=\"Green Way Van\" \/>\n<meta property=\"article:modified_time\" content=\"2026-01-27T10:48:37+00:00\" \/>\n<meta name=\"twitter:card\" content=\"summary_large_image\" \/>\n<meta name=\"twitter:label1\" content=\"Tempo estimado de leitura\" \/>\n\t<meta name=\"twitter:data1\" content=\"2 minutos\" \/>\n<script type=\"application\/ld+json\" class=\"yoast-schema-graph\">{\"@context\":\"https:\/\/schema.org\",\"@graph\":[{\"@type\":\"WebPage\",\"@id\":\"https:\/\/greenwayvan.net\/pt-pt\/accesibilidade\/\",\"url\":\"https:\/\/greenwayvan.net\/pt-pt\/accesibilidade\/\",\"name\":\"Accesibilidade - Green Way Van\",\"isPartOf\":{\"@id\":\"https:\/\/greenwayvan.net\/pt-pt\/#website\"},\"datePublished\":\"2026-01-27T10:37:38+00:00\",\"dateModified\":\"2026-01-27T10:48:37+00:00\",\"breadcrumb\":{\"@id\":\"https:\/\/greenwayvan.net\/pt-pt\/accesibilidade\/#breadcrumb\"},\"inLanguage\":\"pt-PT\",\"potentialAction\":[{\"@type\":\"ReadAction\",\"target\":[\"https:\/\/greenwayvan.net\/pt-pt\/accesibilidade\/\"]}]},{\"@type\":\"BreadcrumbList\",\"@id\":\"https:\/\/greenwayvan.net\/pt-pt\/accesibilidade\/#breadcrumb\",\"itemListElement\":[{\"@type\":\"ListItem\",\"position\":1,\"name\":\"Portada\",\"item\":\"https:\/\/greenwayvan.net\/pt-pt\/\"},{\"@type\":\"ListItem\",\"position\":2,\"name\":\"Accesibilidade\"}]},{\"@type\":\"WebSite\",\"@id\":\"https:\/\/greenwayvan.net\/pt-pt\/#website\",\"url\":\"https:\/\/greenwayvan.net\/pt-pt\/\",\"name\":\"Green Way Van\",\"description\":\"Alquiler de autocaravanas en Vigo. Vive tu propia aventura en una autocaravana nueva y s\u00faper equipada. Seguro a todo riesgo incluido en el precio.\",\"potentialAction\":[{\"@type\":\"SearchAction\",\"target\":{\"@type\":\"EntryPoint\",\"urlTemplate\":\"https:\/\/greenwayvan.net\/pt-pt\/?s={search_term_string}\"},\"query-input\":\"required name=search_term_string\"}],\"inLanguage\":\"pt-PT\"}]}<\/script>\n<!-- \/ Yoast SEO plugin. -->","yoast_head_json":{"title":"Accesibilidade - Green Way Van","robots":{"index":"index","follow":"follow","max-snippet":"max-snippet:-1","max-image-preview":"max-image-preview:large","max-video-preview":"max-video-preview:-1"},"canonical":"https:\/\/greenwayvan.net\/pt-pt\/accesibilidade\/","og_locale":"pt_PT","og_type":"article","og_title":"Accesibilidade - Green Way Van","og_description":"Declara\u00e7\u00e3o de Acessibilidade Conformidade A Green Way Van comprometeu-se a tornar o seu site acess\u00edvel,&hellip;","og_url":"https:\/\/greenwayvan.net\/pt-pt\/accesibilidade\/","og_site_name":"Green Way Van","article_modified_time":"2026-01-27T10:48:37+00:00","twitter_card":"summary_large_image","twitter_misc":{"Tempo estimado de leitura":"2 minutos"},"schema":{"@context":"https:\/\/schema.org","@graph":[{"@type":"WebPage","@id":"https:\/\/greenwayvan.net\/pt-pt\/accesibilidade\/","url":"https:\/\/greenwayvan.net\/pt-pt\/accesibilidade\/","name":"Accesibilidade - Green Way Van","isPartOf":{"@id":"https:\/\/greenwayvan.net\/pt-pt\/#website"},"datePublished":"2026-01-27T10:37:38+00:00","dateModified":"2026-01-27T10:48:37+00:00","breadcrumb":{"@id":"https:\/\/greenwayvan.net\/pt-pt\/accesibilidade\/#breadcrumb"},"inLanguage":"pt-PT","potentialAction":[{"@type":"ReadAction","target":["https:\/\/greenwayvan.net\/pt-pt\/accesibilidade\/"]}]},{"@type":"BreadcrumbList","@id":"https:\/\/greenwayvan.net\/pt-pt\/accesibilidade\/#breadcrumb","itemListElement":[{"@type":"ListItem","position":1,"name":"Portada","item":"https:\/\/greenwayvan.net\/pt-pt\/"},{"@type":"ListItem","position":2,"name":"Accesibilidade"}]},{"@type":"WebSite","@id":"https:\/\/greenwayvan.net\/pt-pt\/#website","url":"https:\/\/greenwayvan.net\/pt-pt\/","name":"Green Way Van","description":"Alquiler de autocaravanas en Vigo. Vive tu propia aventura en una autocaravana nueva y s\u00faper equipada. Seguro a todo riesgo incluido en el precio.","potentialAction":[{"@type":"SearchAction","target":{"@type":"EntryPoint","urlTemplate":"https:\/\/greenwayvan.net\/pt-pt\/?s={search_term_string}"},"query-input":"required name=search_term_string"}],"inLanguage":"pt-PT"}]}},"_links":{"self":[{"href":"https:\/\/greenwayvan.net\/pt-pt\/wp-json\/wp\/v2\/pages\/3804"}],"collection":[{"href":"https:\/\/greenwayvan.net\/pt-pt\/wp-json\/wp\/v2\/pages"}],"about":[{"href":"https:\/\/greenwayvan.net\/pt-pt\/wp-json\/wp\/v2\/types\/page"}],"author":[{"embeddable":true,"href":"https:\/\/greenwayvan.net\/pt-pt\/wp-json\/wp\/v2\/users\/1"}],"replies":[{"embeddable":true,"href":"https:\/\/greenwayvan.net\/pt-pt\/wp-json\/wp\/v2\/comments?post=3804"}],"version-history":[{"count":3,"href":"https:\/\/greenwayvan.net\/pt-pt\/wp-json\/wp\/v2\/pages\/3804\/revisions"}],"predecessor-version":[{"id":3807,"href":"https:\/\/greenwayvan.net\/pt-pt\/wp-json\/wp\/v2\/pages\/3804\/revisions\/3807"}],"wp:attachment":[{"href":"https:\/\/greenwayvan.net\/pt-pt\/wp-json\/wp\/v2\/media?parent=3804"}],"curies":[{"name":"wp","href":"https:\/\/api.w.org\/{rel}","templated":true}]}}