{"id":2601,"date":"2019-06-18T12:34:48","date_gmt":"2019-06-18T12:34:48","guid":{"rendered":"https:\/\/greenwayvan.net\/repara-o-teu-van\/"},"modified":"2022-07-20T10:51:57","modified_gmt":"2022-07-20T10:51:57","slug":"repara-o-teu-van","status":"publish","type":"page","link":"https:\/\/greenwayvan.net\/pt-pt\/repara-o-teu-van\/","title":{"rendered":"Repara o teu VAN"},"content":{"rendered":"\t\t<div data-elementor-type=\"wp-post\" data-elementor-id=\"2601\" class=\"elementor elementor-2601 elementor-95\">\n\t\t\t\t\t\t\t\t\t<section class=\"elementor-section elementor-top-section elementor-element elementor-element-d114965 elementor-section-full_width background-home elementor-section-height-default elementor-section-height-default\" data-id=\"d114965\" data-element_type=\"section\">\n\t\t\t\t\t\t<div class=\"elementor-container elementor-column-gap-no\">\n\t\t\t\t\t<div class=\"elementor-column elementor-col-100 elementor-top-column elementor-element elementor-element-eb75c6c\" data-id=\"eb75c6c\" data-element_type=\"column\">\n\t\t\t<div class=\"elementor-widget-wrap elementor-element-populated\">\n\t\t\t\t\t\t\t\t<div class=\"elementor-element elementor-element-6933e65 elementor-widget elementor-widget-wp-widget-rev-slider-widget\" data-id=\"6933e65\" data-element_type=\"widget\" data-widget_type=\"wp-widget-rev-slider-widget.default\">\n\t\t\t\t<div class=\"elementor-widget-container\">\n\t\t\t\n\t\t\t<!-- START sliderrepara REVOLUTION SLIDER 6.6.12 --><p class=\"rs-p-wp-fix\"><\/p>\n\t\t\t<rs-module-wrap id=\"rev_slider_6_1_wrapper\" data-source=\"gallery\" style=\"visibility:hidden;background:transparent;padding:0;margin:0px auto;margin-top:0;margin-bottom:0;\">\n\t\t\t\t<rs-module id=\"rev_slider_6_1\" style=\"\" data-version=\"6.6.12\">\n\t\t\t\t\t<rs-slides style=\"overflow: hidden; position: absolute;\">\n\t\t\t\t\t\t<rs-slide style=\"position: absolute;\" data-key=\"rs-21\" data-title=\"Slide\" data-anim=\"adpr:false;ms:600;\" data-in=\"o:0;\" data-out=\"a:false;\">\n\t\t\t\t\t\t\t<img decoding=\"async\" src=\"\/\/greenwayvan.net\/wp-content\/plugins\/revslider\/public\/assets\/assets\/dummy.png\" alt=\"Slide\" title=\"GreenWayVan_repara\" width=\"2048\" height=\"817\" class=\"rev-slidebg tp-rs-img rs-lazyload\" data-lazyload=\"\/\/greenwayvan.net\/wp-content\/plugins\/revslider\/public\/assets\/assets\/transparent.png\" data-bg=\"p:center bottom;\" data-parallax=\"off\" data-no-retina>\n<!--\n\t\t\t\t\t\t\t--><rs-layer\n\t\t\t\t\t\t\t\tid=\"slider-6-slide-21-layer-0\" \n\t\t\t\t\t\t\t\tdata-type=\"text\"\n\t\t\t\t\t\t\t\tdata-rsp_ch=\"on\"\n\t\t\t\t\t\t\t\tdata-xy=\"x:c;yo:290px,239px,280px,366px;\"\n\t\t\t\t\t\t\t\tdata-text=\"w:normal;s:54,44,40,40;l:82,67,50,50;a:center;\"\n\t\t\t\t\t\t\t\tdata-dim=\"w:auto,auto,auto,365px;\"\n\t\t\t\t\t\t\t\tdata-vbility=\"f,f,t,t\"\n\t\t\t\t\t\t\t\tdata-frame_0=\"o:1;\"\n\t\t\t\t\t\t\t\tdata-frame_1=\"sR:600;\"\n\t\t\t\t\t\t\t\tdata-frame_999=\"o:0;st:w;sR:3700;\"\n\t\t\t\t\t\t\t\tstyle=\"z-index:9;font-family:'DM Serif Display';\"\n\t\t\t\t\t\t\t>Que nada pare o teu caminho \n\t\t\t\t\t\t\t<\/rs-layer><!--\n\n\t\t\t\t\t\t\t--><rs-layer\n\t\t\t\t\t\t\t\tid=\"slider-6-slide-21-layer-1\" \n\t\t\t\t\t\t\t\tdata-type=\"image\"\n\t\t\t\t\t\t\t\tdata-rsp_ch=\"on\"\n\t\t\t\t\t\t\t\tdata-xy=\"x:c;yo:420px,346px,262px,350px;\"\n\t\t\t\t\t\t\t\tdata-text=\"w:normal;s:20,16,12,7;l:0,20,15,9;\"\n\t\t\t\t\t\t\t\tdata-dim=\"w:161px,132px,100px,61px;h:86px,71px,53px,32px;\"\n\t\t\t\t\t\t\t\tdata-vbility=\"t,t,f,f\"\n\t\t\t\t\t\t\t\tdata-frame_999=\"o:0;st:w;\"\n\t\t\t\t\t\t\t\tstyle=\"z-index:10;\"\n\t\t\t\t\t\t\t><img decoding=\"async\" src=\"\/\/greenwayvan.net\/wp-content\/plugins\/revslider\/public\/assets\/assets\/dummy.png\" alt=\"\" class=\"tp-rs-img rs-lazyload\" width=\"1000\" height=\"532\" data-lazyload=\"\/\/greenwayvan.net\/wp-content\/uploads\/2022\/06\/arrow.gif\" data-no-retina> \n\t\t\t\t\t\t\t<\/rs-layer><!--\n\n\t\t\t\t\t\t\t--><rs-layer\n\t\t\t\t\t\t\t\tid=\"slider-6-slide-21-layer-2\" \n\t\t\t\t\t\t\t\tdata-type=\"shape\"\n\t\t\t\t\t\t\t\tdata-rsp_ch=\"on\"\n\t\t\t\t\t\t\t\tdata-text=\"w:normal;s:20,16,12,7;l:0,20,15,9;\"\n\t\t\t\t\t\t\t\tdata-dim=\"w:100%;h:100%;\"\n\t\t\t\t\t\t\t\tdata-vbility=\"t,t,t,f\"\n\t\t\t\t\t\t\t\tdata-basealign=\"slide\"\n\t\t\t\t\t\t\t\tdata-frame_999=\"o:0;st:w;\"\n\t\t\t\t\t\t\t\tstyle=\"z-index:7;background-color:#ffffff;\"\n\t\t\t\t\t\t\t><rs-bg-elem style=\"background: url('\/\/greenwayvan.net\/wp-content\/uploads\/2023\/02\/GreenWayVan_repara-2048x817.png') no-repeat center center; background-size: cover;\"><\/rs-bg-elem>\n \n\t\t\t\t\t\t\t<\/rs-layer><!--\n\n\t\t\t\t\t\t\t--><rs-layer\n\t\t\t\t\t\t\t\tid=\"slider-6-slide-21-layer-3\" \n\t\t\t\t\t\t\t\tdata-type=\"shape\"\n\t\t\t\t\t\t\t\tdata-rsp_ch=\"on\"\n\t\t\t\t\t\t\t\tdata-text=\"w:normal;s:20,16,12,7;l:0,20,15,9;\"\n\t\t\t\t\t\t\t\tdata-dim=\"w:100%;h:100%;\"\n\t\t\t\t\t\t\t\tdata-vbility=\"f,f,f,t\"\n\t\t\t\t\t\t\t\tdata-basealign=\"slide\"\n\t\t\t\t\t\t\t\tdata-frame_999=\"o:0;st:w;\"\n\t\t\t\t\t\t\t\tstyle=\"z-index:6;background-color:#ffffff;\"\n\t\t\t\t\t\t\t><rs-bg-elem style=\"background: url('\/\/greenwayvan.net\/wp-content\/uploads\/2023\/02\/GreenWayVan_repara_movil-1278x1536.png') no-repeat center center; background-size: cover;\"><\/rs-bg-elem>\n \n\t\t\t\t\t\t\t<\/rs-layer><!--\n\n\t\t\t\t\t\t\t--><rs-layer\n\t\t\t\t\t\t\t\tid=\"slider-6-slide-21-layer-14\" \n\t\t\t\t\t\t\t\tdata-type=\"text\"\n\t\t\t\t\t\t\t\tdata-rsp_ch=\"on\"\n\t\t\t\t\t\t\t\tdata-xy=\"x:c;yo:290px,239px,181px,150px;\"\n\t\t\t\t\t\t\t\tdata-text=\"w:normal;s:54,44,33,45;l:82,67,50,50;a:center;\"\n\t\t\t\t\t\t\t\tdata-vbility=\"t,t,f,f\"\n\t\t\t\t\t\t\t\tdata-frame_0=\"o:1;\"\n\t\t\t\t\t\t\t\tdata-frame_1=\"sR:600;\"\n\t\t\t\t\t\t\t\tdata-frame_999=\"o:0;st:w;sR:3700;\"\n\t\t\t\t\t\t\t\tstyle=\"z-index:8;font-family:'DM Serif Display';\"\n\t\t\t\t\t\t\t>Que nada pare o teu caminho. \n\t\t\t\t\t\t\t<\/rs-layer><!--\n-->\t\t\t\t\t\t<\/rs-slide>\n\t\t\t\t\t<\/rs-slides>\n\t\t\t\t<\/rs-module>\n\t\t\t\t<script>\n\t\t\t\t\tsetREVStartSize({c: 'rev_slider_6_1',rl:[1240,1024,778,480],el:[868,768,600,650],gw:[1240,1024,778,480],gh:[868,768,600,650],type:'standard',justify:'',layout:'fullwidth',mh:\"0\"});if (window.RS_MODULES!==undefined && window.RS_MODULES.modules!==undefined && window.RS_MODULES.modules[\"revslider61\"]!==undefined) {window.RS_MODULES.modules[\"revslider61\"].once = false;window.revapi6 = undefined;if (window.RS_MODULES.checkMinimal!==undefined) window.RS_MODULES.checkMinimal()}\n\t\t\t\t<\/script>\n\t\t\t<\/rs-module-wrap>\n\t\t\t<!-- END REVOLUTION SLIDER -->\n\t\t<\/div>\n\t\t\t\t<\/div>\n\t\t\t\t\t<\/div>\n\t\t<\/div>\n\t\t\t\t\t\t\t<\/div>\n\t\t<\/section>\n\t\t\t\t<section class=\"elementor-section elementor-top-section elementor-element elementor-element-ff8e267 elementor-section-boxed elementor-section-height-default elementor-section-height-default\" data-id=\"ff8e267\" data-element_type=\"section\">\n\t\t\t\t\t\t<div class=\"elementor-container elementor-column-gap-no\">\n\t\t\t\t\t<div class=\"elementor-column elementor-col-100 elementor-top-column elementor-element elementor-element-02f308e\" data-id=\"02f308e\" data-element_type=\"column\">\n\t\t\t<div class=\"elementor-widget-wrap elementor-element-populated\">\n\t\t\t\t\t\t\t\t<div class=\"elementor-element elementor-element-bff866a elementor-widget elementor-widget-image\" data-id=\"bff866a\" data-element_type=\"widget\" data-widget_type=\"image.default\">\n\t\t\t\t<div class=\"elementor-widget-container\">\n\t\t\t<style>\/*! elementor - v3.12.1 - 02-04-2023 *\/\n.elementor-widget-image{text-align:center}.elementor-widget-image a{display:inline-block}.elementor-widget-image a img[src$=\".svg\"]{width:48px}.elementor-widget-image img{vertical-align:middle;display:inline-block}<\/style>\t\t\t\t\t\t\t\t\t\t\t\t<img decoding=\"async\" src=\"https:\/\/greenwayvan.net\/wp-content\/uploads\/elementor\/thumbs\/draw2-rgdrel1up1g0s691qgk5byn0ecuds693kl0a3tt5lc.png\" title=\"draw2\" alt=\"draw2\" loading=\"lazy\" \/>\t\t\t\t\t\t\t\t\t\t\t\t\t\t\t<\/div>\n\t\t\t\t<\/div>\n\t\t\t\t<div class=\"elementor-element elementor-element-42f0752 elementor-widget elementor-widget-heading\" data-id=\"42f0752\" data-element_type=\"widget\" data-widget_type=\"heading.default\">\n\t\t\t\t<div class=\"elementor-widget-container\">\n\t\t\t<style>\/*! elementor - v3.12.1 - 02-04-2023 *\/\n.elementor-heading-title{padding:0;margin:0;line-height:1}.elementor-widget-heading .elementor-heading-title[class*=elementor-size-]>a{color:inherit;font-size:inherit;line-height:inherit}.elementor-widget-heading .elementor-heading-title.elementor-size-small{font-size:15px}.elementor-widget-heading .elementor-heading-title.elementor-size-medium{font-size:19px}.elementor-widget-heading .elementor-heading-title.elementor-size-large{font-size:29px}.elementor-widget-heading .elementor-heading-title.elementor-size-xl{font-size:39px}.elementor-widget-heading .elementor-heading-title.elementor-size-xxl{font-size:59px}<\/style><h2 class=\"elementor-heading-title elementor-size-default\">A nossa miss\u00e3o \u00e9 fazer com que o teu caminho<br>seja mais c\u00f3modo, seguro e feliz.<\/h2>\t\t<\/div>\n\t\t\t\t<\/div>\n\t\t\t\t<div class=\"elementor-element elementor-element-f7f6286 elementor-widget elementor-widget-text-editor\" data-id=\"f7f6286\" data-element_type=\"widget\" data-widget_type=\"text-editor.default\">\n\t\t\t\t<div class=\"elementor-widget-container\">\n\t\t\t<style>\/*! elementor - v3.12.1 - 02-04-2023 *\/\n.elementor-widget-text-editor.elementor-drop-cap-view-stacked .elementor-drop-cap{background-color:#69727d;color:#fff}.elementor-widget-text-editor.elementor-drop-cap-view-framed .elementor-drop-cap{color:#69727d;border:3px solid;background-color:transparent}.elementor-widget-text-editor:not(.elementor-drop-cap-view-default) .elementor-drop-cap{margin-top:8px}.elementor-widget-text-editor:not(.elementor-drop-cap-view-default) .elementor-drop-cap-letter{width:1em;height:1em}.elementor-widget-text-editor .elementor-drop-cap{float:left;text-align:center;line-height:1;font-size:50px}.elementor-widget-text-editor .elementor-drop-cap-letter{display:inline-block}<\/style>\t\t\t\t<p>Na Green Way ajudamos-te para que a tua VAN esteja sempre pronta para<br>sair \u00e0 procura da aventura. Somos peritos em repara\u00e7\u00e3o de avarias e<br>instala\u00e7\u00e3o de acess\u00f3rios.<\/p>\t\t\t\t\t\t<\/div>\n\t\t\t\t<\/div>\n\t\t\t\t\t<\/div>\n\t\t<\/div>\n\t\t\t\t\t\t\t<\/div>\n\t\t<\/section>\n\t\t\t\t<section class=\"elementor-section elementor-top-section elementor-element elementor-element-ca68459 elementor-section-boxed elementor-section-height-default elementor-section-height-default\" data-id=\"ca68459\" data-element_type=\"section\">\n\t\t\t\t\t\t<div class=\"elementor-container elementor-column-gap-default\">\n\t\t\t\t\t<div class=\"elementor-column elementor-col-50 elementor-top-column elementor-element elementor-element-da50e54\" data-id=\"da50e54\" data-element_type=\"column\" data-settings=\"{&quot;background_background&quot;:&quot;classic&quot;}\">\n\t\t\t<div class=\"elementor-widget-wrap elementor-element-populated\">\n\t\t\t\t\t\t\t\t<div class=\"elementor-element elementor-element-e799a4f elementor-widget elementor-widget-heading\" data-id=\"e799a4f\" data-element_type=\"widget\" data-widget_type=\"heading.default\">\n\t\t\t\t<div class=\"elementor-widget-container\">\n\t\t\t<h3 class=\"elementor-heading-title elementor-size-default\">Marca consulta:<\/h3>\t\t<\/div>\n\t\t\t\t<\/div>\n\t\t\t\t<div class=\"elementor-element elementor-element-9f19c4b elementor-widget elementor-widget-heading\" data-id=\"9f19c4b\" data-element_type=\"widget\" data-widget_type=\"heading.default\">\n\t\t\t\t<div class=\"elementor-widget-container\">\n\t\t\t<h4 class=\"elementor-heading-title elementor-size-default\"><a href=\"http:\/\/tel.%20+34%20986630577\">+34 986 630 577<\/a><\/h4>\t\t<\/div>\n\t\t\t\t<\/div>\n\t\t\t\t<div class=\"elementor-element elementor-element-c0b0300 elementor-widget elementor-widget-text-editor\" data-id=\"c0b0300\" data-element_type=\"widget\" data-widget_type=\"text-editor.default\">\n\t\t\t\t<div class=\"elementor-widget-container\">\n\t\t\t\t\t\t\t<p>TENS ALGUMA EMERG\u00caNCIA COM<br>UMA DAS NOSSAS CARAVANAS<br>EM ALUGUER? Liga para n\u00f3s: +34 606<br>130 045<\/p>\t\t\t\t\t\t<\/div>\n\t\t\t\t<\/div>\n\t\t\t\t\t<\/div>\n\t\t<\/div>\n\t\t\t\t<div class=\"elementor-column elementor-col-50 elementor-top-column elementor-element elementor-element-6bb09bc\" data-id=\"6bb09bc\" data-element_type=\"column\" data-settings=\"{&quot;background_background&quot;:&quot;classic&quot;}\">\n\t\t\t<div class=\"elementor-widget-wrap elementor-element-populated\">\n\t\t\t\t\t\t\t\t<div class=\"elementor-element elementor-element-5b3e244 elementor-widget elementor-widget-heading\" data-id=\"5b3e244\" data-element_type=\"widget\" data-widget_type=\"heading.default\">\n\t\t\t\t<div class=\"elementor-widget-container\">\n\t\t\t<h3 class=\"elementor-heading-title elementor-size-default\">Encontra-nos em:<\/h3>\t\t<\/div>\n\t\t\t\t<\/div>\n\t\t\t\t<div class=\"elementor-element elementor-element-0f03dc4 elementor-widget elementor-widget-heading\" data-id=\"0f03dc4\" data-element_type=\"widget\" data-widget_type=\"heading.default\">\n\t\t\t\t<div class=\"elementor-widget-container\">\n\t\t\t<h6 class=\"elementor-heading-title elementor-size-default\"><a href=\"http:\/\/tel.%20+34%20986630577\">Avda. Aeropuerto 45 bajo\n36206 Vigo<\/a><\/h6>\t\t<\/div>\n\t\t\t\t<\/div>\n\t\t\t\t<div class=\"elementor-element elementor-element-957c7a4 elementor-widget elementor-widget-text-editor\" data-id=\"957c7a4\" data-element_type=\"widget\" data-widget_type=\"text-editor.default\">\n\t\t\t\t<div class=\"elementor-widget-container\">\n\t\t\t\t\t\t\t<p>HOR\u00c1RIO LOJA E SERVI\u00c7O T\u00c9CNICO:<br>Segunda-feira: de 10h a 18h<br>Ter\u00e7a-feira: de 10h a 18h<br>Quarta-feira: de 10h a 18h<br>Quinta-feira: de 10h a 18h<br>Sexta-feira: de 10h a 18h<br>S\u00e1bado: fechado<br>Domingo: fechado<\/p>\t\t\t\t\t\t<\/div>\n\t\t\t\t<\/div>\n\t\t\t\t\t<\/div>\n\t\t<\/div>\n\t\t\t\t\t\t\t<\/div>\n\t\t<\/section>\n\t\t\t\t<section class=\"elementor-section elementor-top-section elementor-element elementor-element-e7ae795 elementor-section-boxed elementor-section-height-default elementor-section-height-default\" data-id=\"e7ae795\" data-element_type=\"section\">\n\t\t\t\t\t\t<div class=\"elementor-container elementor-column-gap-default\">\n\t\t\t\t\t<div class=\"elementor-column elementor-col-100 elementor-top-column elementor-element elementor-element-091582e\" data-id=\"091582e\" data-element_type=\"column\">\n\t\t\t<div class=\"elementor-widget-wrap elementor-element-populated\">\n\t\t\t\t\t\t\t\t<div class=\"elementor-element elementor-element-756a5d9 elementor-widget elementor-widget-heading\" data-id=\"756a5d9\" data-element_type=\"widget\" data-widget_type=\"heading.default\">\n\t\t\t\t<div class=\"elementor-widget-container\">\n\t\t\t<div class=\"elementor-heading-title elementor-size-default\">Subscreve a nossa newsletter<\/div>\t\t<\/div>\n\t\t\t\t<\/div>\n\t\t\t\t<div class=\"elementor-element elementor-element-f27b846 elementor-widget elementor-widget-heading\" data-id=\"f27b846\" data-element_type=\"widget\" data-widget_type=\"heading.default\">\n\t\t\t\t<div class=\"elementor-widget-container\">\n\t\t\t<div class=\"elementor-heading-title elementor-size-default\">e descobre os melhores roteiros e os s\u00edtios mais top<\/div>\t\t<\/div>\n\t\t\t\t<\/div>\n\t\t\t\t\t<\/div>\n\t\t<\/div>\n\t\t\t\t\t\t\t<\/div>\n\t\t<\/section>\n\t\t\t\t<section class=\"elementor-section elementor-top-section elementor-element elementor-element-54ae3ca elementor-section-full_width elementor-section-content-middle elementor-section-stretched elementor-section-height-default elementor-section-height-default\" data-id=\"54ae3ca\" data-element_type=\"section\" data-settings=\"{&quot;stretch_section&quot;:&quot;section-stretched&quot;}\">\n\t\t\t\t\t\t<div class=\"elementor-container elementor-column-gap-narrow\">\n\t\t\t\t\t<div class=\"elementor-column elementor-col-100 elementor-top-column elementor-element elementor-element-98c6fef\" data-id=\"98c6fef\" data-element_type=\"column\">\n\t\t\t<div class=\"elementor-widget-wrap elementor-element-populated\">\n\t\t\t\t\t\t\t\t<div class=\"elementor-element elementor-element-133d910 form-suscripcion elementor-widget elementor-widget-shortcode\" data-id=\"133d910\" data-element_type=\"widget\" data-widget_type=\"shortcode.default\">\n\t\t\t\t<div class=\"elementor-widget-container\">\n\t\t\t\t\t<div class=\"elementor-shortcode\"><p class=\"wpcf7-contact-form-not-found\"><strong>Error:<\/strong> Contact form not found.<\/p><\/div>\n\t\t\t\t<\/div>\n\t\t\t\t<\/div>\n\t\t\t\t\t<\/div>\n\t\t<\/div>\n\t\t\t\t\t\t\t<\/div>\n\t\t<\/section>\n\t\t\t\t\t\t\t<\/div>\n\t\t","protected":false},"excerpt":{"rendered":"<p>A nossa miss\u00e3o \u00e9 fazer com que o teu caminhoseja mais c\u00f3modo, seguro e feliz.&hellip;<\/p>\n","protected":false},"author":1,"featured_media":0,"parent":0,"menu_order":0,"comment_status":"closed","ping_status":"closed","template":"elementor_header_footer","meta":[],"yoast_head":"<!-- This site is optimized with the Yoast SEO plugin v20.5 - https:\/\/yoast.com\/wordpress\/plugins\/seo\/ -->\n<title>Repara o teu VAN - Green Way Van<\/title>\n<meta name=\"robots\" content=\"index, follow, max-snippet:-1, max-image-preview:large, max-video-preview:-1\" \/>\n<link rel=\"canonical\" href=\"https:\/\/greenwayvan.net\/pt-pt\/repara-o-teu-van\/\" \/>\n<meta property=\"og:locale\" content=\"pt_PT\" \/>\n<meta property=\"og:type\" content=\"article\" \/>\n<meta property=\"og:title\" content=\"Repara o teu VAN - Green Way Van\" \/>\n<meta property=\"og:description\" content=\"A nossa miss\u00e3o \u00e9 fazer com que o teu caminhoseja mais c\u00f3modo, seguro e feliz.&hellip;\" \/>\n<meta property=\"og:url\" content=\"https:\/\/greenwayvan.net\/pt-pt\/repara-o-teu-van\/\" \/>\n<meta property=\"og:site_name\" content=\"Green Way Van\" \/>\n<meta property=\"article:modified_time\" content=\"2022-07-20T10:51:57+00:00\" \/>\n<meta property=\"og:image\" content=\"https:\/\/greenwayvan.net\/wp-content\/uploads\/elementor\/thumbs\/draw2-po7jedtu05689mb9c5idz3haulbtltfohvwqcsx6ds.png\" \/>\n<meta name=\"twitter:card\" content=\"summary_large_image\" \/>\n<meta name=\"twitter:label1\" content=\"Tempo estimado de leitura\" \/>\n\t<meta name=\"twitter:data1\" content=\"1 minuto\" \/>\n<script type=\"application\/ld+json\" class=\"yoast-schema-graph\">{\"@context\":\"https:\/\/schema.org\",\"@graph\":[{\"@type\":\"WebPage\",\"@id\":\"https:\/\/greenwayvan.net\/pt-pt\/repara-o-teu-van\/\",\"url\":\"https:\/\/greenwayvan.net\/pt-pt\/repara-o-teu-van\/\",\"name\":\"Repara o teu VAN - Green Way Van\",\"isPartOf\":{\"@id\":\"https:\/\/greenwayvan.net\/pt-pt\/#website\"},\"datePublished\":\"2019-06-18T12:34:48+00:00\",\"dateModified\":\"2022-07-20T10:51:57+00:00\",\"breadcrumb\":{\"@id\":\"https:\/\/greenwayvan.net\/pt-pt\/repara-o-teu-van\/#breadcrumb\"},\"inLanguage\":\"pt-PT\",\"potentialAction\":[{\"@type\":\"ReadAction\",\"target\":[\"https:\/\/greenwayvan.net\/pt-pt\/repara-o-teu-van\/\"]}]},{\"@type\":\"BreadcrumbList\",\"@id\":\"https:\/\/greenwayvan.net\/pt-pt\/repara-o-teu-van\/#breadcrumb\",\"itemListElement\":[{\"@type\":\"ListItem\",\"position\":1,\"name\":\"Portada\",\"item\":\"https:\/\/greenwayvan.net\/pt-pt\/\"},{\"@type\":\"ListItem\",\"position\":2,\"name\":\"Repara o teu VAN\"}]},{\"@type\":\"WebSite\",\"@id\":\"https:\/\/greenwayvan.net\/pt-pt\/#website\",\"url\":\"https:\/\/greenwayvan.net\/pt-pt\/\",\"name\":\"Green Way Van\",\"description\":\"Alquiler de autocaravanas en Vigo. Vive tu propia aventura en una autocaravana nueva y s\u00faper equipada. Seguro a todo riesgo incluido en el precio.\",\"potentialAction\":[{\"@type\":\"SearchAction\",\"target\":{\"@type\":\"EntryPoint\",\"urlTemplate\":\"https:\/\/greenwayvan.net\/pt-pt\/?s={search_term_string}\"},\"query-input\":\"required name=search_term_string\"}],\"inLanguage\":\"pt-PT\"}]}<\/script>\n<!-- \/ Yoast SEO plugin. -->","yoast_head_json":{"title":"Repara o teu VAN - Green Way Van","robots":{"index":"index","follow":"follow","max-snippet":"max-snippet:-1","max-image-preview":"max-image-preview:large","max-video-preview":"max-video-preview:-1"},"canonical":"https:\/\/greenwayvan.net\/pt-pt\/repara-o-teu-van\/","og_locale":"pt_PT","og_type":"article","og_title":"Repara o teu VAN - Green Way Van","og_description":"A nossa miss\u00e3o \u00e9 fazer com que o teu caminhoseja mais c\u00f3modo, seguro e feliz.&hellip;","og_url":"https:\/\/greenwayvan.net\/pt-pt\/repara-o-teu-van\/","og_site_name":"Green Way Van","article_modified_time":"2022-07-20T10:51:57+00:00","og_image":[{"url":"https:\/\/greenwayvan.net\/wp-content\/uploads\/elementor\/thumbs\/draw2-po7jedtu05689mb9c5idz3haulbtltfohvwqcsx6ds.png"}],"twitter_card":"summary_large_image","twitter_misc":{"Tempo estimado de leitura":"1 minuto"},"schema":{"@context":"https:\/\/schema.org","@graph":[{"@type":"WebPage","@id":"https:\/\/greenwayvan.net\/pt-pt\/repara-o-teu-van\/","url":"https:\/\/greenwayvan.net\/pt-pt\/repara-o-teu-van\/","name":"Repara o teu VAN - Green Way Van","isPartOf":{"@id":"https:\/\/greenwayvan.net\/pt-pt\/#website"},"datePublished":"2019-06-18T12:34:48+00:00","dateModified":"2022-07-20T10:51:57+00:00","breadcrumb":{"@id":"https:\/\/greenwayvan.net\/pt-pt\/repara-o-teu-van\/#breadcrumb"},"inLanguage":"pt-PT","potentialAction":[{"@type":"ReadAction","target":["https:\/\/greenwayvan.net\/pt-pt\/repara-o-teu-van\/"]}]},{"@type":"BreadcrumbList","@id":"https:\/\/greenwayvan.net\/pt-pt\/repara-o-teu-van\/#breadcrumb","itemListElement":[{"@type":"ListItem","position":1,"name":"Portada","item":"https:\/\/greenwayvan.net\/pt-pt\/"},{"@type":"ListItem","position":2,"name":"Repara o teu VAN"}]},{"@type":"WebSite","@id":"https:\/\/greenwayvan.net\/pt-pt\/#website","url":"https:\/\/greenwayvan.net\/pt-pt\/","name":"Green Way Van","description":"Alquiler de autocaravanas en Vigo. Vive tu propia aventura en una autocaravana nueva y s\u00faper equipada. Seguro a todo riesgo incluido en el precio.","potentialAction":[{"@type":"SearchAction","target":{"@type":"EntryPoint","urlTemplate":"https:\/\/greenwayvan.net\/pt-pt\/?s={search_term_string}"},"query-input":"required name=search_term_string"}],"inLanguage":"pt-PT"}]}},"_links":{"self":[{"href":"https:\/\/greenwayvan.net\/pt-pt\/wp-json\/wp\/v2\/pages\/2601"}],"collection":[{"href":"https:\/\/greenwayvan.net\/pt-pt\/wp-json\/wp\/v2\/pages"}],"about":[{"href":"https:\/\/greenwayvan.net\/pt-pt\/wp-json\/wp\/v2\/types\/page"}],"author":[{"embeddable":true,"href":"https:\/\/greenwayvan.net\/pt-pt\/wp-json\/wp\/v2\/users\/1"}],"replies":[{"embeddable":true,"href":"https:\/\/greenwayvan.net\/pt-pt\/wp-json\/wp\/v2\/comments?post=2601"}],"version-history":[{"count":5,"href":"https:\/\/greenwayvan.net\/pt-pt\/wp-json\/wp\/v2\/pages\/2601\/revisions"}],"predecessor-version":[{"id":2608,"href":"https:\/\/greenwayvan.net\/pt-pt\/wp-json\/wp\/v2\/pages\/2601\/revisions\/2608"}],"wp:attachment":[{"href":"https:\/\/greenwayvan.net\/pt-pt\/wp-json\/wp\/v2\/media?parent=2601"}],"curies":[{"name":"wp","href":"https:\/\/api.w.org\/{rel}","templated":true}]}}