{"id":2568,"date":"2022-04-26T07:13:46","date_gmt":"2022-04-26T05:13:46","guid":{"rendered":"https:\/\/greenwayvan.net\/aviso-legal\/"},"modified":"2026-03-16T18:15:54","modified_gmt":"2026-03-16T17:15:54","slug":"aviso-legal","status":"publish","type":"page","link":"https:\/\/greenwayvan.net\/pt-pt\/aviso-legal\/","title":{"rendered":"Aviso legal"},"content":{"rendered":"\n<h2 class=\"wp-block-heading\">AVISO LEGAL E CONDI\u00c7\u00d5ES GERAIS DE UTILIZA\u00c7\u00c3O<\/h2>\n\n\n\n<h3 class=\"wp-block-heading\">I. INFORMA\u00c7\u00d5ES GERAIS<\/h3>\n\n\n\n<p>Em conformidade com a obriga\u00e7\u00e3o de fornecer informa\u00e7\u00f5es estipulada na Lei 34\/2002 sobre Servi\u00e7os da Sociedade da Informa\u00e7\u00e3o e Com\u00e9rcio Electr\u00f3nico (LSSI-CE) de 11 de Julho, s\u00e3o fornecidas as seguintes informa\u00e7\u00f5es gerais neste s\u00edtio web:<\/p>\n\n\n\n<p>A propriedade deste website, https:\/\/greenwayvan.net, (adiante, Website) \u00e9 propriedade de: Sergio Garc\u00eda GIl, com NIF: 53173060G e cujos dados de contacto s\u00e3o:<\/p>\n\n\n\n<p>Endere\u00e7o: Zamora 61, 6\u00baA, 36203 Vigo, Pontevedra, Espanha<\/p>\n\n\n\n<p>N\u00famero de telefone de contacto: 606130045<\/p>\n\n\n\n<p>E-mail de contacto: info@greenwayvan.net<\/p>\n\n\n\n<h3 class=\"wp-block-heading\">II. TERMOS E CONDI\u00c7\u00d5ES GERAIS DE UTILIZA\u00c7\u00c3O<\/h3>\n\n\n\n<h4 class=\"wp-block-heading\">O assunto dos termos e condi\u00e7\u00f5es: O Website<\/h4>\n\n\n\n<p>O objectivo destas Condi\u00e7\u00f5es Gerais de Utiliza\u00e7\u00e3o (doravante referidas como &#8220;Condi\u00e7\u00f5es&#8221;) \u00e9 regular o acesso e a utiliza\u00e7\u00e3o do Website. Para efeitos das presentes Condi\u00e7\u00f5es, entende-se por Website: a apar\u00eancia externa das interfaces do ecr\u00e3, tanto est\u00e1tica como din\u00e2mica, ou seja, a \u00e1rvore de navega\u00e7\u00e3o; e todos os elementos integrados tanto nas interfaces do ecr\u00e3 como na \u00e1rvore de navega\u00e7\u00e3o (adiante, Conte\u00fado) e todos os servi\u00e7os ou recursos em linha que possa oferecer aos Utilizadores (adiante, Servi\u00e7os).<\/p>\n\n\n\n<p>Green Way Van reserva-se o direito de modificar, em qualquer altura e sem aviso pr\u00e9vio, a apresenta\u00e7\u00e3o e configura\u00e7\u00e3o do Website e dos Conte\u00fados e Servi\u00e7os que nele possam ser incorporados. O Utilizador reconhece e aceita que a qualquer momento a Green Way Van pode interromper, desactivar e\/ou cancelar qualquer um destes elementos que estejam integrados no Website ou o acesso aos mesmos.<\/p>\n\n\n\n<p>O acesso ao Website pelo Utilizador \u00e9 gratuito e, como regra geral, \u00e9 gratuito, sem que o Utilizador tenha de fornecer qualquer contrapartida para o usufruir, excepto no que diz respeito ao custo de liga\u00e7\u00e3o atrav\u00e9s da rede de telecomunica\u00e7\u00f5es fornecida pelo fornecedor de acesso contratado pelo Utilizador.<\/p>\n\n\n\n<p>A utiliza\u00e7\u00e3o de qualquer dos Conte\u00fados ou Servi\u00e7os do Website pode ser feita atrav\u00e9s de subscri\u00e7\u00e3o pr\u00e9via ou registo do Utilizador.<\/p>\n\n\n\n<h4 class=\"wp-block-heading\">O Utilizador<\/h4>\n\n\n\n<p>O acesso, a navega\u00e7\u00e3o e a utiliza\u00e7\u00e3o do Website, bem como os espa\u00e7os habilitados para interac\u00e7\u00e3o entre os Utilizadores, e o Utilizador e a Green Way Van, tais como coment\u00e1rios e\/ou espa\u00e7os de blogue, confere a condi\u00e7\u00e3o de Utilizador, e por isso o Utilizador aceita, a partir do momento em que inicia a navega\u00e7\u00e3o no Website, todas as Condi\u00e7\u00f5es aqui estabelecidas, bem como as suas modifica\u00e7\u00f5es posteriores, sem preju\u00edzo da aplica\u00e7\u00e3o das correspondentes normas legais de cumprimento obrigat\u00f3rio, conforme o caso. Dada a relev\u00e2ncia do acima exposto, recomenda-se ao Utilizador que os leia cada vez que visitar o Website.<\/p>\n\n\n\n<p>O website Green Way Van fornece uma vasta gama de informa\u00e7\u00f5es, servi\u00e7os e dados. O Utilizador assume a responsabilidade pela utiliza\u00e7\u00e3o correcta do Website. Esta responsabilidade estende-se a:<\/p>\n\n\n\n<ul>\n<li>Uma utiliza\u00e7\u00e3o das informa\u00e7\u00f5es, conte\u00fados e\/ou servi\u00e7os e dados oferecidos pela Green Way Van que seja contr\u00e1ria \u00e0s disposi\u00e7\u00f5es das presentes Condi\u00e7\u00f5es, \u00e0 Lei, \u00e0 moral ou \u00e0 ordem p\u00fablica, ou que de qualquer outra forma possa envolver danos aos direitos de terceiros ou ao funcionamento do Website.<\/li>\n\n\n\n<li>A veracidade e legalidade da informa\u00e7\u00e3o fornecida pelo Utilizador nos formul\u00e1rios fornecidos pela Green Way Van para acesso a certos Conte\u00fados ou Servi\u00e7os oferecidos pelo Website. Em qualquer caso, o Utilizador dever\u00e1 notificar imediatamente a Green Way Van de qualquer evento que permita a utiliza\u00e7\u00e3o indevida das informa\u00e7\u00f5es registadas nos referidos formul\u00e1rios, tais como, mas n\u00e3o exclusivamente, roubo, perda ou acesso n\u00e3o autorizado a identificadores e\/ou passwords, a fim de proceder ao seu cancelamento imediato.<\/li>\n<\/ul>\n\n\n\n<p>Em qualquer caso, a Green Way Van n\u00e3o ser\u00e1 respons\u00e1vel pelas opini\u00f5es expressas pelos Utilizadores atrav\u00e9s de coment\u00e1rios ou outros blogues ou ferramentas de participa\u00e7\u00e3o que possam estar dispon\u00edveis.<\/p>\n\n\n\n<p>O mero acesso a este Website n\u00e3o implica qualquer tipo de rela\u00e7\u00e3o comercial entre a Green Way Van e o Utilizador.<\/p>\n\n\n\n<p>O Utilizador declara ser maior de idade e ter capacidade legal suficiente para estar vinculado por estas Condi\u00e7\u00f5es. Por conseguinte, este Website Green Way Van n\u00e3o \u00e9 dirigido a menores. A Green Way Van declina qualquer responsabilidade pelo n\u00e3o cumprimento deste requisito.<\/p>\n\n\n\n<h3 class=\"wp-block-heading\">III. ACESSO E NAVEGA\u00c7\u00c3O NO WEBSITE: EXCLUS\u00c3O DE GARANTIAS E RESPONSABILIDADE<\/h3>\n\n\n\n<p>A Green Way Van n\u00e3o garante a continuidade, disponibilidade e utilidade do Website, nem dos Conte\u00fados ou Servi\u00e7os. A Green Way Van far\u00e1 todos os esfor\u00e7os para assegurar o bom funcionamento do Website, no entanto, a Green Way Van n\u00e3o faz quaisquer representa\u00e7\u00f5es ou garantias de que o acesso a este Website ser\u00e1 ininterrupto ou livre de erros.<\/p>\n\n\n\n<p>Tamb\u00e9m n\u00e3o aceita qualquer responsabilidade ou garantia de que o conte\u00fado ou software que pode ser acedido atrav\u00e9s deste Website esteja livre de erros ou cause danos no sistema inform\u00e1tico do Utilizador (software e hardware). Em nenhum caso a Green Way Van ser\u00e1 respons\u00e1vel por qualquer perda, dano ou dano de qualquer tipo resultante do acesso, navega\u00e7\u00e3o e utiliza\u00e7\u00e3o do Website, incluindo mas n\u00e3o se limitando ao causado aos sistemas inform\u00e1ticos ou causado pela introdu\u00e7\u00e3o de v\u00edrus.<\/p>\n\n\n\n<p>A Green Way Van tamb\u00e9m n\u00e3o \u00e9 respons\u00e1vel por quaisquer danos que possam ser causados aos utilizadores atrav\u00e9s da utiliza\u00e7\u00e3o indevida deste website. Em particular, n\u00e3o ser\u00e1 de forma alguma respons\u00e1vel por quaisquer avarias, interrup\u00e7\u00f5es, falhas ou defeitos nas telecomunica\u00e7\u00f5es que possam ocorrer.<\/p>\n\n\n\n<h3 class=\"wp-block-heading\">IV. POL\u00cdTICA DE LINKS<\/h3>\n\n\n\n<p>\u00c9 informado que o Website Green Way Van coloca ou pode colocar \u00e0 disposi\u00e7\u00e3o dos Utilizadores meios de liga\u00e7\u00e3o (tais como, entre outros, links, banners, bot\u00f5es), direct\u00f3rios e motores de busca que permitem aos Utilizadores aceder a websites pertencentes a e\/ou geridos por terceiros.<\/p>\n\n\n\n<p>A instala\u00e7\u00e3o destas liga\u00e7\u00f5es, direct\u00f3rios e motores de busca no Website destina-se a facilitar aos Utilizadores a pesquisa e acesso \u00e0 informa\u00e7\u00e3o dispon\u00edvel na Internet, e n\u00e3o pode ser considerada uma sugest\u00e3o, recomenda\u00e7\u00e3o ou convite para os visitar.<\/p>\n\n\n\n<p>A Green Way Van n\u00e3o oferece nem comercializa, por si pr\u00f3pria ou atrav\u00e9s de terceiros, os produtos e\/ou servi\u00e7os dispon\u00edveis nesses s\u00edtios ligados.<\/p>\n\n\n\n<p>A Green Way Van oferece conte\u00fados patrocinados, an\u00fancios e\/ou links de afilia\u00e7\u00e3o. As informa\u00e7\u00f5es que aparecem nestes links de afilia\u00e7\u00e3o ou nos an\u00fancios inseridos, s\u00e3o fornecidas pelos pr\u00f3prios anunciantes, pelo que a Green Way Van n\u00e3o \u00e9 respons\u00e1vel por quaisquer imprecis\u00f5es ou erros que possam conter os an\u00fancios, nem garante de forma alguma a experi\u00eancia, integridade ou responsabilidade dos anunciantes ou a qualidade dos seus produtos e\/ou servi\u00e7os.<\/p>\n\n\n\n<p>Tamb\u00e9m n\u00e3o garante a disponibilidade t\u00e9cnica, precis\u00e3o, veracidade, validade ou legalidade dos s\u00edtios fora da sua propriedade que podem ser acedidos atrav\u00e9s das liga\u00e7\u00f5es.<\/p>\n\n\n\n<p>A Green Way Van n\u00e3o analisa nem controla em circunst\u00e2ncia alguma o conte\u00fado de outros websites, nem aprova, examina ou endossa os produtos e servi\u00e7os, conte\u00fados, ficheiros e qualquer outro material nesses websites ligados.<\/p>\n\n\n\n<p>A Green Way Van n\u00e3o assume qualquer responsabilidade por quaisquer danos que possam surgir do acesso, utiliza\u00e7\u00e3o, qualidade ou legalidade dos conte\u00fados, comunica\u00e7\u00f5es, opini\u00f5es, produtos e servi\u00e7os de websites n\u00e3o geridos pela Green Way Van e que estejam ligados a este Website.<\/p>\n\n\n\n<p>O Utilizador ou terceiro que faz uma hiperliga\u00e7\u00e3o de uma p\u00e1gina web de outro site, diferente, para o site da Green Way Van deve estar ciente de que:<\/p>\n\n\n\n<p>N\u00e3o \u00e9 permitida a reprodu\u00e7\u00e3o &#8211; no todo ou em parte &#8211; de qualquer Conte\u00fado e\/ou Servi\u00e7os do Website sem a autoriza\u00e7\u00e3o expressa da Green Way Van.<\/p>\n\n\n\n<p>N\u00e3o s\u00e3o permitidas representa\u00e7\u00f5es falsas, inexactas ou incorrectas sobre o Website Green Way Van, o seu Conte\u00fado e\/ou Servi\u00e7os.<\/p>\n\n\n\n<p>Com excep\u00e7\u00e3o do hyperlink, o website no qual o hyperlink \u00e9 estabelecido n\u00e3o conter\u00e1 qualquer elemento deste website que esteja protegido como propriedade intelectual pela lei espanhola, a menos que expressamente autorizado pela Green Way Van.<\/p>\n\n\n\n<p>O estabelecimento do hiperlink n\u00e3o implica a exist\u00eancia de uma rela\u00e7\u00e3o entre a Green Way Van e o propriet\u00e1rio do website a partir do qual \u00e9 feito, nem o conhecimento e aceita\u00e7\u00e3o por parte da Green Way Van dos conte\u00fados, servi\u00e7os e\/ou actividades oferecidas no referido website, e vice-versa.<\/p>\n\n\n\n<h3 class=\"wp-block-heading\">V. PROPRIEDADE INTELECTUAL E INDUSTRIAL<\/h3>\n\n\n\n<p>A pr\u00f3pria Green Way Van ou como cession\u00e1rio, \u00e9 propriet\u00e1ria de todos os direitos de propriedade intelectual e industrial do Website, bem como dos elementos nele contidos (incluindo mas n\u00e3o se limitando a imagens, som, \u00e1udio, v\u00eddeo, software ou textos, marcas ou logotipos, combina\u00e7\u00f5es de cores, estrutura e design, selec\u00e7\u00e3o de materiais utilizados, programas inform\u00e1ticos necess\u00e1rios para o seu funcionamento, acesso e utiliza\u00e7\u00e3o, etc.). Por conseguinte, as obras ser\u00e3o protegidas como propriedade intelectual ao abrigo da legisla\u00e7\u00e3o espanhola, e a legisla\u00e7\u00e3o espanhola e comunit\u00e1ria neste dom\u00ednio, bem como os tratados internacionais sobre o assunto assinados pela Espanha, ser-lhes-\u00e3o aplic\u00e1veis.<\/p>\n\n\n\n<p>Todos os direitos reservados. Em virtude das disposi\u00e7\u00f5es da Lei de Propriedade Intelectual, a reprodu\u00e7\u00e3o, distribui\u00e7\u00e3o e comunica\u00e7\u00e3o p\u00fablica, incluindo a disponibiliza\u00e7\u00e3o, total ou parcial do conte\u00fado deste website, para fins comerciais, em qualquer meio e por quaisquer meios t\u00e9cnicos, sem a autoriza\u00e7\u00e3o da Green Way Van, s\u00e3o expressamente proibidos sem a autoriza\u00e7\u00e3o da Green Way Van.<\/p>\n\n\n\n<p>O Utilizador compromete-se a respeitar os direitos de propriedade intelectual e industrial da Green Way Van. Poder\u00e1 visualizar os elementos do Website ou mesmo imprimi-los, copi\u00e1-los e armazen\u00e1-los no disco r\u00edgido do seu computador ou em qualquer outro suporte f\u00edsico, desde que seja exclusivamente para seu uso pessoal. O Utilizador, contudo, n\u00e3o pode remover, alterar ou manipular qualquer dispositivo de protec\u00e7\u00e3o ou sistema de seguran\u00e7a instalado no Website.<\/p>\n\n\n\n<p>No caso de o Utilizador ou terceiro considerar que qualquer dos Conte\u00fados do Website envolve uma viola\u00e7\u00e3o dos direitos de protec\u00e7\u00e3o da propriedade intelectual, dever\u00e1 notificar imediatamente a Green Way Van atrav\u00e9s dos dados de contacto na sec\u00e7\u00e3o INFORMA\u00c7\u00d5ES GERAIS do presente Aviso Legal e Condi\u00e7\u00f5es Gerais de Utiliza\u00e7\u00e3o.<\/p>\n\n\n\n<h3 class=\"wp-block-heading\">VI. AC\u00c7\u00d5ES JUDICIAIS, LEI APLIC\u00c1VEL E JURISDI\u00c7\u00c3O<\/h3>\n\n\n\n<p>A Green Way Van reserva-se o direito de intentar qualquer ac\u00e7\u00e3o civil ou criminal que considere necess\u00e1ria para a utiliza\u00e7\u00e3o indevida do Website e do seu Conte\u00fado, ou por viola\u00e7\u00e3o das presentes Condi\u00e7\u00f5es.<\/p>\n\n\n\n<p>A rela\u00e7\u00e3o entre o Utilizador e a Green Way Van ser\u00e1 regida pela regulamenta\u00e7\u00e3o em vigor e aplic\u00e1vel em territ\u00f3rio espanhol. Em caso de lit\u00edgio relacionado com a interpreta\u00e7\u00e3o e\/ou aplica\u00e7\u00e3o das presentes Condi\u00e7\u00f5es, as partes submeter\u00e3o os seus lit\u00edgios \u00e0 jurisdi\u00e7\u00e3o ordin\u00e1ria dos tribunais que correspondem de acordo com a lei.<\/p>\n","protected":false},"excerpt":{"rendered":"<p>AVISO LEGAL E CONDI\u00c7\u00d5ES GERAIS DE UTILIZA\u00c7\u00c3O I. INFORMA\u00c7\u00d5ES GERAIS Em conformidade com a obriga\u00e7\u00e3o&hellip;<\/p>\n","protected":false},"author":1,"featured_media":0,"parent":0,"menu_order":0,"comment_status":"closed","ping_status":"closed","template":"","meta":[],"yoast_head":"<!-- This site is optimized with the Yoast SEO plugin v20.5 - https:\/\/yoast.com\/wordpress\/plugins\/seo\/ -->\n<title>Aviso legal - Green Way Van<\/title>\n<meta name=\"robots\" content=\"index, follow, max-snippet:-1, max-image-preview:large, max-video-preview:-1\" \/>\n<link rel=\"canonical\" href=\"https:\/\/greenwayvan.net\/pt-pt\/aviso-legal\/\" \/>\n<meta property=\"og:locale\" content=\"pt_PT\" \/>\n<meta property=\"og:type\" content=\"article\" \/>\n<meta property=\"og:title\" content=\"Aviso legal - Green Way Van\" \/>\n<meta property=\"og:description\" content=\"AVISO LEGAL E CONDI\u00c7\u00d5ES GERAIS DE UTILIZA\u00c7\u00c3O I. INFORMA\u00c7\u00d5ES GERAIS Em conformidade com a obriga\u00e7\u00e3o&hellip;\" \/>\n<meta property=\"og:url\" content=\"https:\/\/greenwayvan.net\/pt-pt\/aviso-legal\/\" \/>\n<meta property=\"og:site_name\" content=\"Green Way Van\" \/>\n<meta property=\"article:modified_time\" content=\"2026-03-16T17:15:54+00:00\" \/>\n<meta name=\"twitter:card\" content=\"summary_large_image\" \/>\n<meta name=\"twitter:label1\" content=\"Tempo estimado de leitura\" \/>\n\t<meta name=\"twitter:data1\" content=\"8 minutos\" \/>\n<script type=\"application\/ld+json\" class=\"yoast-schema-graph\">{\"@context\":\"https:\/\/schema.org\",\"@graph\":[{\"@type\":\"WebPage\",\"@id\":\"https:\/\/greenwayvan.net\/pt-pt\/aviso-legal\/\",\"url\":\"https:\/\/greenwayvan.net\/pt-pt\/aviso-legal\/\",\"name\":\"Aviso legal - Green Way Van\",\"isPartOf\":{\"@id\":\"https:\/\/greenwayvan.net\/pt-pt\/#website\"},\"datePublished\":\"2022-04-26T05:13:46+00:00\",\"dateModified\":\"2026-03-16T17:15:54+00:00\",\"breadcrumb\":{\"@id\":\"https:\/\/greenwayvan.net\/pt-pt\/aviso-legal\/#breadcrumb\"},\"inLanguage\":\"pt-PT\",\"potentialAction\":[{\"@type\":\"ReadAction\",\"target\":[\"https:\/\/greenwayvan.net\/pt-pt\/aviso-legal\/\"]}]},{\"@type\":\"BreadcrumbList\",\"@id\":\"https:\/\/greenwayvan.net\/pt-pt\/aviso-legal\/#breadcrumb\",\"itemListElement\":[{\"@type\":\"ListItem\",\"position\":1,\"name\":\"Portada\",\"item\":\"https:\/\/greenwayvan.net\/pt-pt\/\"},{\"@type\":\"ListItem\",\"position\":2,\"name\":\"Aviso legal\"}]},{\"@type\":\"WebSite\",\"@id\":\"https:\/\/greenwayvan.net\/pt-pt\/#website\",\"url\":\"https:\/\/greenwayvan.net\/pt-pt\/\",\"name\":\"Green Way Van\",\"description\":\"Alquiler de autocaravanas en Vigo. Vive tu propia aventura en una autocaravana nueva y s\u00faper equipada. Seguro a todo riesgo incluido en el precio.\",\"potentialAction\":[{\"@type\":\"SearchAction\",\"target\":{\"@type\":\"EntryPoint\",\"urlTemplate\":\"https:\/\/greenwayvan.net\/pt-pt\/?s={search_term_string}\"},\"query-input\":\"required name=search_term_string\"}],\"inLanguage\":\"pt-PT\"}]}<\/script>\n<!-- \/ Yoast SEO plugin. -->","yoast_head_json":{"title":"Aviso legal - Green Way Van","robots":{"index":"index","follow":"follow","max-snippet":"max-snippet:-1","max-image-preview":"max-image-preview:large","max-video-preview":"max-video-preview:-1"},"canonical":"https:\/\/greenwayvan.net\/pt-pt\/aviso-legal\/","og_locale":"pt_PT","og_type":"article","og_title":"Aviso legal - Green Way Van","og_description":"AVISO LEGAL E CONDI\u00c7\u00d5ES GERAIS DE UTILIZA\u00c7\u00c3O I. INFORMA\u00c7\u00d5ES GERAIS Em conformidade com a obriga\u00e7\u00e3o&hellip;","og_url":"https:\/\/greenwayvan.net\/pt-pt\/aviso-legal\/","og_site_name":"Green Way Van","article_modified_time":"2026-03-16T17:15:54+00:00","twitter_card":"summary_large_image","twitter_misc":{"Tempo estimado de leitura":"8 minutos"},"schema":{"@context":"https:\/\/schema.org","@graph":[{"@type":"WebPage","@id":"https:\/\/greenwayvan.net\/pt-pt\/aviso-legal\/","url":"https:\/\/greenwayvan.net\/pt-pt\/aviso-legal\/","name":"Aviso legal - Green Way Van","isPartOf":{"@id":"https:\/\/greenwayvan.net\/pt-pt\/#website"},"datePublished":"2022-04-26T05:13:46+00:00","dateModified":"2026-03-16T17:15:54+00:00","breadcrumb":{"@id":"https:\/\/greenwayvan.net\/pt-pt\/aviso-legal\/#breadcrumb"},"inLanguage":"pt-PT","potentialAction":[{"@type":"ReadAction","target":["https:\/\/greenwayvan.net\/pt-pt\/aviso-legal\/"]}]},{"@type":"BreadcrumbList","@id":"https:\/\/greenwayvan.net\/pt-pt\/aviso-legal\/#breadcrumb","itemListElement":[{"@type":"ListItem","position":1,"name":"Portada","item":"https:\/\/greenwayvan.net\/pt-pt\/"},{"@type":"ListItem","position":2,"name":"Aviso legal"}]},{"@type":"WebSite","@id":"https:\/\/greenwayvan.net\/pt-pt\/#website","url":"https:\/\/greenwayvan.net\/pt-pt\/","name":"Green Way Van","description":"Alquiler de autocaravanas en Vigo. Vive tu propia aventura en una autocaravana nueva y s\u00faper equipada. Seguro a todo riesgo incluido en el precio.","potentialAction":[{"@type":"SearchAction","target":{"@type":"EntryPoint","urlTemplate":"https:\/\/greenwayvan.net\/pt-pt\/?s={search_term_string}"},"query-input":"required name=search_term_string"}],"inLanguage":"pt-PT"}]}},"_links":{"self":[{"href":"https:\/\/greenwayvan.net\/pt-pt\/wp-json\/wp\/v2\/pages\/2568"}],"collection":[{"href":"https:\/\/greenwayvan.net\/pt-pt\/wp-json\/wp\/v2\/pages"}],"about":[{"href":"https:\/\/greenwayvan.net\/pt-pt\/wp-json\/wp\/v2\/types\/page"}],"author":[{"embeddable":true,"href":"https:\/\/greenwayvan.net\/pt-pt\/wp-json\/wp\/v2\/users\/1"}],"replies":[{"embeddable":true,"href":"https:\/\/greenwayvan.net\/pt-pt\/wp-json\/wp\/v2\/comments?post=2568"}],"version-history":[{"count":5,"href":"https:\/\/greenwayvan.net\/pt-pt\/wp-json\/wp\/v2\/pages\/2568\/revisions"}],"predecessor-version":[{"id":3820,"href":"https:\/\/greenwayvan.net\/pt-pt\/wp-json\/wp\/v2\/pages\/2568\/revisions\/3820"}],"wp:attachment":[{"href":"https:\/\/greenwayvan.net\/pt-pt\/wp-json\/wp\/v2\/media?parent=2568"}],"curies":[{"name":"wp","href":"https:\/\/api.w.org\/{rel}","templated":true}]}}